{"id":129,"date":"2020-12-09T18:13:04","date_gmt":"2020-12-09T17:13:04","guid":{"rendered":"http:\/\/trenujbezvymluv.cz\/?page_id=129"},"modified":"2024-11-26T11:25:04","modified_gmt":"2024-11-26T10:25:04","slug":"osobni-trenink","status":"publish","type":"page","link":"https:\/\/trenujbezvymluv.cz\/en\/osobni-trenink\/","title":{"rendered":"Personal training"},"content":{"rendered":"<div data-elementor-type=\"wp-page\" data-elementor-id=\"129\" class=\"elementor elementor-129\">\n\t\t\t\t\t\t<section class=\"elementor-section elementor-top-section elementor-element elementor-element-0723820 elementor-section-stretched elementor-section-boxed elementor-section-height-default elementor-section-height-default\" data-id=\"0723820\" data-element_type=\"section\" data-settings=\"{&quot;stretch_section&quot;:&quot;section-stretched&quot;,&quot;background_background&quot;:&quot;classic&quot;,&quot;shape_divider_bottom&quot;:&quot;opacity-fan&quot;}\">\n\t\t\t\t\t\t\t<div class=\"elementor-background-overlay\"><\/div>\n\t\t\t\t\t\t<div class=\"elementor-shape elementor-shape-bottom\" data-negative=\"false\">\n\t\t\t<svg xmlns=\"http:\/\/www.w3.org\/2000\/svg\" viewbox=\"0 0 283.5 19.6\" preserveaspectratio=\"none\">\n\t<path class=\"elementor-shape-fill\" style=\"opacity:0.33\" d=\"M0 0L0 18.8 141.8 4.1 283.5 18.8 283.5 0z\"\/>\n\t<path class=\"elementor-shape-fill\" style=\"opacity:0.33\" d=\"M0 0L0 12.6 141.8 4 283.5 12.6 283.5 0z\"\/>\n\t<path class=\"elementor-shape-fill\" style=\"opacity:0.33\" d=\"M0 0L0 6.4 141.8 4 283.5 6.4 283.5 0z\"\/>\n\t<path class=\"elementor-shape-fill\" d=\"M0 0L0 1.2 141.8 4 283.5 1.2 283.5 0z\"\/>\n<\/svg>\t\t<\/div>\n\t\t\t\t\t<div class=\"elementor-container elementor-column-gap-default\">\n\t\t\t\t\t<div class=\"elementor-column elementor-col-100 elementor-top-column elementor-element elementor-element-5fce1b5\" data-id=\"5fce1b5\" data-element_type=\"column\">\n\t\t\t<div class=\"elementor-widget-wrap elementor-element-populated\">\n\t\t\t\t\t\t<div class=\"elementor-element elementor-element-d8dad11 elementor-widget elementor-widget-heading\" data-id=\"d8dad11\" data-element_type=\"widget\" data-widget_type=\"heading.default\">\n\t\t\t\t<div class=\"elementor-widget-container\">\n\t\t\t<h2 class=\"elementor-heading-title elementor-size-default\">Personal training<\/h2>\t\t<\/div>\n\t\t\t\t<\/div>\n\t\t\t\t\t<\/div>\n\t\t<\/div>\n\t\t\t\t\t<\/div>\n\t\t<\/section>\n\t\t\t\t<section class=\"elementor-section elementor-top-section elementor-element elementor-element-9334c73 elementor-section-stretched elementor-section-boxed elementor-section-height-default elementor-section-height-default\" data-id=\"9334c73\" data-element_type=\"section\" data-settings=\"{&quot;stretch_section&quot;:&quot;section-stretched&quot;,&quot;background_background&quot;:&quot;classic&quot;}\">\n\t\t\t\t\t\t<div class=\"elementor-container elementor-column-gap-default\">\n\t\t\t\t\t<div class=\"elementor-column elementor-col-100 elementor-top-column elementor-element elementor-element-874a2f6\" data-id=\"874a2f6\" data-element_type=\"column\">\n\t\t\t<div class=\"elementor-widget-wrap elementor-element-populated\">\n\t\t\t\t\t\t<div class=\"elementor-element elementor-element-0ad0063 elementor-widget elementor-widget-text-editor\" data-id=\"0ad0063\" data-element_type=\"widget\" data-widget_type=\"text-editor.default\">\n\t\t\t\t<div class=\"elementor-widget-container\">\n\t\t\t\t\t\t\t<p>Before starting our training program, my main goal is to get to know you as much as possible, to find out everything about you that is needed to prepare a perfect training plan for your body. That's why I would appreciate a lot of information from you. The most important thing for me is to know your goal and what led you to contact me.\n\nWhether your goal is to lose weight, gain muscle bulk, eliminate health problems or correct technique of running, it is always important for me to know your goal and to see your motivation. Then we will diagnose the musculoskeletal system, inappropriate posture, muscle imbalances, etc. I would also want to know your exercising and eating habits, your health problems, how many hours a day you sleep, your time options and other information.<\/p><p>I prepare a training plan individually according to the client\u00b4s needs, the client\u00b4s goal and physical possibilities. Every single person is unique. It is very important for me to find the right way to make your training fun so you leave the training with the feeling that you are better today than you were yesterday and you make progress.\n\nI make the trainings fun and varied, I regularly change and adjust them according to your needs, possibilities and current shape. In my training I use not only typical machines and dumbbells, but also a lot of special aids such as expanders, TRX, Bosu, etc.\n\nExpect moments, when you will hate me, but I promise you that if we make it together, you will achieve your dream goals soon.<\/p>\t\t\t\t\t\t<\/div>\n\t\t\t\t<\/div>\n\t\t\t\t<div class=\"elementor-element elementor-element-87efb41 elementor-widget elementor-widget-heading\" data-id=\"87efb41\" data-element_type=\"widget\" data-widget_type=\"heading.default\">\n\t\t\t\t<div class=\"elementor-widget-container\">\n\t\t\t<h2 class=\"elementor-heading-title elementor-size-default\">Training programs<\/h2>\t\t<\/div>\n\t\t\t\t<\/div>\n\t\t\t\t<div class=\"elementor-element elementor-element-b6ca0f4 elementor-widget elementor-widget-a13fe-gallery\" data-id=\"b6ca0f4\" data-element_type=\"widget\" data-widget_type=\"a13fe-gallery.default\">\n\t\t\t\t<div class=\"elementor-widget-container\">\n\t\t\t\r\n\t\t\t    <div class=\"bricks-frame gallery-frame bricks-gallery-503 variant-overlay bricks-columns-3 album-content-off title-mid title-center hover-effect-shift cover-no-hover cover-hover texts-no-hover\">\r\n\t\t\t\t    <ul class=\"gallery-media-collection screen-reader-text\">\r\n\t\t\t\t<li class=\"gallery-item type-image subtype-jpeg\" data-id=\"366\" data-ratio_x=\"1\" data-bg_color=\"\" data-alt_attr=\"\" data-main-image=\"https:\/\/trenujbezvymluv.cz\/wp-content\/uploads\/2020\/12\/124038215_1946492175488259_4811799958847234811_n-1-scaled-e1609876274815.jpg\" data-brick_image=\"https:\/\/trenujbezvymluv.cz\/wp-content\/uploads\/apollo13_images\/124038215_1946492175488259_4811799958847234811_n-1-scaled-e1609876274815-7l8qkykysqfyqahw0rku8m32znsjnyi5i2.jpg\" data-thumb=\"https:\/\/trenujbezvymluv.cz\/wp-content\/uploads\/2020\/12\/124038215_1946492175488259_4811799958847234811_n-1-scaled-e1609876274815-150x150.jpg\" data-link_target=\"0\">\r\n\t\t<a class=\"item__link\" href=\"https:\/\/trenujbezvymluv.cz\/wp-content\/uploads\/2020\/12\/124038215_1946492175488259_4811799958847234811_n-1-scaled-e1609876274815.jpg\">Strength training<\/a>\r\n\t\t\t\t\t<div id=\"item-desc-1\" class=\"item-desc\"><\/div>\r\n\t\t\t<\/li>\r\n\t<li class=\"gallery-item type-image subtype-jpeg\" data-id=\"375\" data-ratio_x=\"1\" data-bg_color=\"\" data-alt_attr=\"\" data-main-image=\"https:\/\/trenujbezvymluv.cz\/wp-content\/uploads\/2020\/12\/124101890_395803258495282_1435163377648013697_n-1-e1609876325621.jpg\" data-brick_image=\"https:\/\/trenujbezvymluv.cz\/wp-content\/uploads\/apollo13_images\/124101890_395803258495282_1435163377648013697_n-1-e1609876325621-7l8qkykysqfyqahw0rku8m32znsjnyi5i2.jpg\" data-thumb=\"https:\/\/trenujbezvymluv.cz\/wp-content\/uploads\/2020\/12\/124101890_395803258495282_1435163377648013697_n-1-e1609876325621-150x150.jpg\" data-link_target=\"0\">\r\n\t\t<a class=\"item__link\" href=\"https:\/\/trenujbezvymluv.cz\/wp-content\/uploads\/2020\/12\/124101890_395803258495282_1435163377648013697_n-1-e1609876325621.jpg\">Gaining muscle bulk<\/a>\r\n\t\t\t\t\t<div id=\"item-desc-2\" class=\"item-desc\"><\/div>\r\n\t\t\t<\/li>\r\n\t<li class=\"gallery-item type-image subtype-jpeg\" data-id=\"372\" data-ratio_x=\"1\" data-bg_color=\"\" data-alt_attr=\"\" data-main-image=\"https:\/\/trenujbezvymluv.cz\/wp-content\/uploads\/2020\/12\/124213355_499615674346406_3720642467607012570_n-1-e1609876443850.jpg\" data-brick_image=\"https:\/\/trenujbezvymluv.cz\/wp-content\/uploads\/apollo13_images\/124213355_499615674346406_3720642467607012570_n-1-e1609876443850-7l8qkykysqfyqahw0rku8m32znsjnyi5fa.jpg\" data-thumb=\"https:\/\/trenujbezvymluv.cz\/wp-content\/uploads\/2020\/12\/124213355_499615674346406_3720642467607012570_n-1-e1609876443850-150x150.jpg\" data-link_target=\"0\">\r\n\t\t<a class=\"item__link\" href=\"https:\/\/trenujbezvymluv.cz\/wp-content\/uploads\/2020\/12\/124213355_499615674346406_3720642467607012570_n-1-e1609876443850.jpg\">Losing weight<\/a>\r\n\t\t\t\t\t<div id=\"item-desc-3\" class=\"item-desc\"><\/div>\r\n\t\t\t<\/li>\r\n\t<li class=\"gallery-item type-image subtype-jpeg\" data-id=\"362\" data-ratio_x=\"1\" data-bg_color=\"\" data-alt_attr=\"\" data-main-image=\"https:\/\/trenujbezvymluv.cz\/wp-content\/uploads\/2020\/12\/124353787_726596327943759_8115124436707583429_n-1-scaled-e1609876383512.jpg\" data-brick_image=\"https:\/\/trenujbezvymluv.cz\/wp-content\/uploads\/apollo13_images\/124353787_726596327943759_8115124436707583429_n-1-scaled-e1609876383512-7l8qkykysqfyqahw0rku8m32znsjnyi5i2.jpg\" data-thumb=\"https:\/\/trenujbezvymluv.cz\/wp-content\/uploads\/2020\/12\/124353787_726596327943759_8115124436707583429_n-1-scaled-e1609876383512-150x150.jpg\" data-link_target=\"0\">\r\n\t\t<a class=\"item__link\" href=\"https:\/\/trenujbezvymluv.cz\/wp-content\/uploads\/2020\/12\/124353787_726596327943759_8115124436707583429_n-1-scaled-e1609876383512.jpg\">Fitness training<\/a>\r\n\t\t\t\t\t<div id=\"item-desc-4\" class=\"item-desc\"><\/div>\r\n\t\t\t<\/li>\r\n\t<li class=\"gallery-item type-image subtype-jpeg\" data-id=\"357\" data-ratio_x=\"1\" data-bg_color=\"\" data-alt_attr=\"\" data-main-image=\"https:\/\/trenujbezvymluv.cz\/wp-content\/uploads\/2020\/12\/124009315_368208144444727_4910942465770407065_n-1-scaled-e1609876491975.jpg\" data-brick_image=\"https:\/\/trenujbezvymluv.cz\/wp-content\/uploads\/apollo13_images\/124009315_368208144444727_4910942465770407065_n-1-scaled-e1609876491975-7l8qkykysqfyqahw0rku8m32znsjnyi5i2.jpg\" data-thumb=\"https:\/\/trenujbezvymluv.cz\/wp-content\/uploads\/2020\/12\/124009315_368208144444727_4910942465770407065_n-1-scaled-e1609876491975-150x150.jpg\" data-link_target=\"0\">\r\n\t\t<a class=\"item__link\" href=\"https:\/\/trenujbezvymluv.cz\/wp-content\/uploads\/2020\/12\/124009315_368208144444727_4910942465770407065_n-1-scaled-e1609876491975.jpg\">Diagnostics, rehabilitation, health exercises<\/a>\r\n\t\t\t\t\t<div id=\"item-desc-5\" class=\"item-desc\"><\/div>\r\n\t\t\t<\/li>\r\n\t<li class=\"gallery-item type-image subtype-jpeg\" data-id=\"364\" data-ratio_x=\"1\" data-bg_color=\"\" data-alt_attr=\"\" data-main-image=\"https:\/\/trenujbezvymluv.cz\/wp-content\/uploads\/2020\/12\/124039565_714833852750204_5531737816916202351_n-1-scaled-e1609876543370.jpg\" data-brick_image=\"https:\/\/trenujbezvymluv.cz\/wp-content\/uploads\/apollo13_images\/124039565_714833852750204_5531737816916202351_n-1-scaled-e1609876543370-7l8qkykysqfyqahw0rku8m32znsjnyi5i2.jpg\" data-thumb=\"https:\/\/trenujbezvymluv.cz\/wp-content\/uploads\/2020\/12\/124039565_714833852750204_5531737816916202351_n-1-scaled-e1609876543370-150x150.jpg\" data-link_target=\"0\">\r\n\t\t<a class=\"item__link\" href=\"https:\/\/trenujbezvymluv.cz\/wp-content\/uploads\/2020\/12\/124039565_714833852750204_5531737816916202351_n-1-scaled-e1609876543370.jpg\">Functional training, flexibility, dexterity<\/a>\r\n\t\t\t\t\t<div id=\"item-desc-6\" class=\"item-desc\"><\/div>\r\n\t\t\t<\/li>\r\n\t\t<\/ul>\r\n\t                <div class=\"a13-bricks-items\" data-margin=\"0\" data-desc=\"1\" data-proofing=\"0\" data-socials=\"0\" data-lightbox_off=\"1\" data-lightbox_off_mobile=\"0\" data-cover-color=\"rgba(0,0,0,0.7)\">\r\n                <div class=\"grid-master\"><\/div>\r\n            <\/div>\r\n        <\/div>\r\n\t    \t\t<\/div>\n\t\t\t\t<\/div>\n\t\t\t\t\t<\/div>\n\t\t<\/div>\n\t\t\t\t\t<\/div>\n\t\t<\/section>\n\t\t\t\t<\/div>","protected":false},"excerpt":{"rendered":"<p>Osobn\u00ed tr\u00e9nink Ne\u017e V\u00e1s za\u010dnu tr\u00e9novat, mus\u00edm V\u00e1s co nejl\u00e9pe poznat, abych sestavila tr\u00e9ninkov\u00fd pl\u00e1n p\u0159izp\u016fsoben\u00fd konkr\u00e9tn\u011b pro Va\u0161e t\u011blo, c\u00edle a pot\u0159eby. Dostanete ode m\u011b dotazn\u00edk, kde se budu pt\u00e1t na spoustu v\u011bc\u00ed ohledn\u011b va\u0161ich pohybov\u00fdch a stravovac\u00edch n\u00e1vyk\u016f, zdravotn\u00edch omezen\u00ed, sp\u00e1nku, \u010dasov\u00fdch mo\u017enost\u00ed apod.\u00a0A\u0165 u\u017e je Va\u0161\u00edm c\u00edlem redukce v\u00e1hy, nab\u00edr\u00e1n\u00ed svalov\u00e9 hmoty, odstran\u011bn\u00ed zdravotn\u00edch probl\u00e9m\u016f \u010di spr\u00e1vn\u00e1 technika b\u011bhu, v\u017edy je pro m\u011b z\u00e1sadn\u00ed zn\u00e1t V\u00e1\u0161 c\u00edl a vid\u011bt Va\u0161i motivaci. Na \u00favodn\u00ed hodin\u011b ud\u011bl\u00e1me na p\u0159\u00edstroji Inbody komplexn\u00ed anal\u00fdzu Va\u0161\u00ed t\u011blesn\u00e9 skladby. Provedeme diagnostiku pohybov\u00e9ho apar\u00e1tu, kde budu zji\u0161\u0165ovat t\u0159eba jestli nem\u00e1te nevhodn\u00e9 dr\u017een\u00ed t\u011bla nebo svalov\u00e9 dysbalance. Je pro m\u011b velmi d\u016fle\u017eit\u00e9 naj\u00edt spr\u00e1vnou cestu k tomu, aby V\u00e1s tr\u00e9nink bavil a v\u017edy jste \u0161li dom\u016f s pocitem, \u017ee dnes jste byli lep\u0161\u00ed ne\u017e v\u010dera a posunuli jste se zase o krok d\u00e1l.\u00a0Tr\u00e9ninky se sna\u017e\u00edm d\u011blat z\u00e1bavn\u00e9 a pestr\u00e9, pravideln\u011b je obm\u011b\u0148uji a nastavuji dle&hellip;<\/p>\n<p> <a class=\"more-link\" href=\"https:\/\/trenujbezvymluv.cz\/en\/reference\/home-slider\/\">Read more<\/a><\/p>","protected":false},"author":2,"featured_media":0,"parent":0,"menu_order":0,"comment_status":"closed","ping_status":"closed","template":"","meta":{"footnotes":""},"class_list":["post-129","page","type-page","status-publish"],"yoast_head":"<!-- This site is optimized with the Yoast SEO plugin v23.7 - https:\/\/yoast.com\/wordpress\/plugins\/seo\/ -->\n<title>Osobn\u00ed tr\u00e9nink - trenujbezvymluv.cz<\/title>\n<meta name=\"robots\" content=\"index, follow, max-snippet:-1, max-image-preview:large, max-video-preview:-1\" \/>\n<link rel=\"canonical\" href=\"https:\/\/trenujbezvymluv.cz\/en\/osobni-trenink\/\" \/>\n<meta property=\"og:locale\" content=\"en_US\" \/>\n<meta property=\"og:type\" content=\"article\" \/>\n<meta property=\"og:title\" content=\"Osobn\u00ed tr\u00e9nink - trenujbezvymluv.cz\" \/>\n<meta property=\"og:description\" content=\"Osobn\u00ed tr\u00e9nink Ne\u017e V\u00e1s za\u010dnu tr\u00e9novat, mus\u00edm V\u00e1s co nejl\u00e9pe poznat, abych sestavila tr\u00e9ninkov\u00fd pl\u00e1n p\u0159izp\u016fsoben\u00fd konkr\u00e9tn\u011b pro Va\u0161e t\u011blo, c\u00edle a pot\u0159eby. Dostanete ode m\u011b dotazn\u00edk, kde se budu pt\u00e1t na spoustu v\u011bc\u00ed ohledn\u011b va\u0161ich pohybov\u00fdch a stravovac\u00edch n\u00e1vyk\u016f, zdravotn\u00edch omezen\u00ed, sp\u00e1nku, \u010dasov\u00fdch mo\u017enost\u00ed apod.\u00a0A\u0165 u\u017e je Va\u0161\u00edm c\u00edlem redukce v\u00e1hy, nab\u00edr\u00e1n\u00ed svalov\u00e9 hmoty, odstran\u011bn\u00ed zdravotn\u00edch probl\u00e9m\u016f \u010di spr\u00e1vn\u00e1 technika b\u011bhu, v\u017edy je pro m\u011b z\u00e1sadn\u00ed zn\u00e1t V\u00e1\u0161 c\u00edl a vid\u011bt Va\u0161i motivaci. Na \u00favodn\u00ed hodin\u011b ud\u011bl\u00e1me na p\u0159\u00edstroji Inbody komplexn\u00ed anal\u00fdzu Va\u0161\u00ed t\u011blesn\u00e9 skladby. Provedeme diagnostiku pohybov\u00e9ho apar\u00e1tu, kde budu zji\u0161\u0165ovat t\u0159eba jestli nem\u00e1te nevhodn\u00e9 dr\u017een\u00ed t\u011bla nebo svalov\u00e9 dysbalance. Je pro m\u011b velmi d\u016fle\u017eit\u00e9 naj\u00edt spr\u00e1vnou cestu k tomu, aby V\u00e1s tr\u00e9nink bavil a v\u017edy jste \u0161li dom\u016f s pocitem, \u017ee dnes jste byli lep\u0161\u00ed ne\u017e v\u010dera a posunuli jste se zase o krok d\u00e1l.\u00a0Tr\u00e9ninky se sna\u017e\u00edm d\u011blat z\u00e1bavn\u00e9 a pestr\u00e9, pravideln\u011b je obm\u011b\u0148uji a nastavuji dle&hellip;  Read more\" \/>\n<meta property=\"og:url\" content=\"https:\/\/trenujbezvymluv.cz\/en\/osobni-trenink\/\" \/>\n<meta property=\"og:site_name\" content=\"trenujbezvymluv.cz\" \/>\n<meta property=\"article:modified_time\" content=\"2024-11-26T10:25:04+00:00\" \/>\n<meta name=\"twitter:card\" content=\"summary_large_image\" \/>\n<meta name=\"twitter:label1\" content=\"Est. reading time\" \/>\n\t<meta name=\"twitter:data1\" content=\"3 minutes\" \/>\n<script type=\"application\/ld+json\" class=\"yoast-schema-graph\">{\"@context\":\"https:\/\/schema.org\",\"@graph\":[{\"@type\":\"WebPage\",\"@id\":\"https:\/\/trenujbezvymluv.cz\/osobni-trenink\/\",\"url\":\"https:\/\/trenujbezvymluv.cz\/osobni-trenink\/\",\"name\":\"Osobn\u00ed tr\u00e9nink - trenujbezvymluv.cz\",\"isPartOf\":{\"@id\":\"https:\/\/trenujbezvymluv.cz\/#website\"},\"datePublished\":\"2020-12-09T17:13:04+00:00\",\"dateModified\":\"2024-11-26T10:25:04+00:00\",\"breadcrumb\":{\"@id\":\"https:\/\/trenujbezvymluv.cz\/osobni-trenink\/#breadcrumb\"},\"inLanguage\":\"en-US\",\"potentialAction\":[{\"@type\":\"ReadAction\",\"target\":[\"https:\/\/trenujbezvymluv.cz\/osobni-trenink\/\"]}]},{\"@type\":\"BreadcrumbList\",\"@id\":\"https:\/\/trenujbezvymluv.cz\/osobni-trenink\/#breadcrumb\",\"itemListElement\":[{\"@type\":\"ListItem\",\"position\":1,\"name\":\"Dom\u016f\",\"item\":\"https:\/\/trenujbezvymluv.cz\/\"},{\"@type\":\"ListItem\",\"position\":2,\"name\":\"Osobn\u00ed tr\u00e9nink\"}]},{\"@type\":\"WebSite\",\"@id\":\"https:\/\/trenujbezvymluv.cz\/#website\",\"url\":\"https:\/\/trenujbezvymluv.cz\/\",\"name\":\"trenujbezvymluv.cz\",\"description\":\"Osobn\u00ed tren\u00e9r\",\"potentialAction\":[{\"@type\":\"SearchAction\",\"target\":{\"@type\":\"EntryPoint\",\"urlTemplate\":\"https:\/\/trenujbezvymluv.cz\/?s={search_term_string}\"},\"query-input\":{\"@type\":\"PropertyValueSpecification\",\"valueRequired\":true,\"valueName\":\"search_term_string\"}}],\"inLanguage\":\"en-US\"}]}<\/script>\n<!-- \/ Yoast SEO plugin. -->","yoast_head_json":{"title":"Osobn\u00ed tr\u00e9nink - trenujbezvymluv.cz","robots":{"index":"index","follow":"follow","max-snippet":"max-snippet:-1","max-image-preview":"max-image-preview:large","max-video-preview":"max-video-preview:-1"},"canonical":"https:\/\/trenujbezvymluv.cz\/en\/osobni-trenink\/","og_locale":"en_US","og_type":"article","og_title":"Osobn\u00ed tr\u00e9nink - trenujbezvymluv.cz","og_description":"Osobn\u00ed tr\u00e9nink Ne\u017e V\u00e1s za\u010dnu tr\u00e9novat, mus\u00edm V\u00e1s co nejl\u00e9pe poznat, abych sestavila tr\u00e9ninkov\u00fd pl\u00e1n p\u0159izp\u016fsoben\u00fd konkr\u00e9tn\u011b pro Va\u0161e t\u011blo, c\u00edle a pot\u0159eby. Dostanete ode m\u011b dotazn\u00edk, kde se budu pt\u00e1t na spoustu v\u011bc\u00ed ohledn\u011b va\u0161ich pohybov\u00fdch a stravovac\u00edch n\u00e1vyk\u016f, zdravotn\u00edch omezen\u00ed, sp\u00e1nku, \u010dasov\u00fdch mo\u017enost\u00ed apod.\u00a0A\u0165 u\u017e je Va\u0161\u00edm c\u00edlem redukce v\u00e1hy, nab\u00edr\u00e1n\u00ed svalov\u00e9 hmoty, odstran\u011bn\u00ed zdravotn\u00edch probl\u00e9m\u016f \u010di spr\u00e1vn\u00e1 technika b\u011bhu, v\u017edy je pro m\u011b z\u00e1sadn\u00ed zn\u00e1t V\u00e1\u0161 c\u00edl a vid\u011bt Va\u0161i motivaci. Na \u00favodn\u00ed hodin\u011b ud\u011bl\u00e1me na p\u0159\u00edstroji Inbody komplexn\u00ed anal\u00fdzu Va\u0161\u00ed t\u011blesn\u00e9 skladby. Provedeme diagnostiku pohybov\u00e9ho apar\u00e1tu, kde budu zji\u0161\u0165ovat t\u0159eba jestli nem\u00e1te nevhodn\u00e9 dr\u017een\u00ed t\u011bla nebo svalov\u00e9 dysbalance. Je pro m\u011b velmi d\u016fle\u017eit\u00e9 naj\u00edt spr\u00e1vnou cestu k tomu, aby V\u00e1s tr\u00e9nink bavil a v\u017edy jste \u0161li dom\u016f s pocitem, \u017ee dnes jste byli lep\u0161\u00ed ne\u017e v\u010dera a posunuli jste se zase o krok d\u00e1l.\u00a0Tr\u00e9ninky se sna\u017e\u00edm d\u011blat z\u00e1bavn\u00e9 a pestr\u00e9, pravideln\u011b je obm\u011b\u0148uji a nastavuji dle&hellip;  Read more","og_url":"https:\/\/trenujbezvymluv.cz\/en\/osobni-trenink\/","og_site_name":"trenujbezvymluv.cz","article_modified_time":"2024-11-26T10:25:04+00:00","twitter_card":"summary_large_image","twitter_misc":{"Est. reading time":"3 minutes"},"schema":{"@context":"https:\/\/schema.org","@graph":[{"@type":"WebPage","@id":"https:\/\/trenujbezvymluv.cz\/osobni-trenink\/","url":"https:\/\/trenujbezvymluv.cz\/osobni-trenink\/","name":"Osobn\u00ed tr\u00e9nink - trenujbezvymluv.cz","isPartOf":{"@id":"https:\/\/trenujbezvymluv.cz\/#website"},"datePublished":"2020-12-09T17:13:04+00:00","dateModified":"2024-11-26T10:25:04+00:00","breadcrumb":{"@id":"https:\/\/trenujbezvymluv.cz\/osobni-trenink\/#breadcrumb"},"inLanguage":"en-US","potentialAction":[{"@type":"ReadAction","target":["https:\/\/trenujbezvymluv.cz\/osobni-trenink\/"]}]},{"@type":"BreadcrumbList","@id":"https:\/\/trenujbezvymluv.cz\/osobni-trenink\/#breadcrumb","itemListElement":[{"@type":"ListItem","position":1,"name":"Dom\u016f","item":"https:\/\/trenujbezvymluv.cz\/"},{"@type":"ListItem","position":2,"name":"Osobn\u00ed tr\u00e9nink"}]},{"@type":"WebSite","@id":"https:\/\/trenujbezvymluv.cz\/#website","url":"https:\/\/trenujbezvymluv.cz\/","name":"trenujbezvymluv.cz","description":"Osobn\u00ed tren\u00e9r","potentialAction":[{"@type":"SearchAction","target":{"@type":"EntryPoint","urlTemplate":"https:\/\/trenujbezvymluv.cz\/?s={search_term_string}"},"query-input":{"@type":"PropertyValueSpecification","valueRequired":true,"valueName":"search_term_string"}}],"inLanguage":"en-US"}]}},"_links":{"self":[{"href":"https:\/\/trenujbezvymluv.cz\/en\/wp-json\/wp\/v2\/pages\/129"}],"collection":[{"href":"https:\/\/trenujbezvymluv.cz\/en\/wp-json\/wp\/v2\/pages"}],"about":[{"href":"https:\/\/trenujbezvymluv.cz\/en\/wp-json\/wp\/v2\/types\/page"}],"author":[{"embeddable":true,"href":"https:\/\/trenujbezvymluv.cz\/en\/wp-json\/wp\/v2\/users\/2"}],"replies":[{"embeddable":true,"href":"https:\/\/trenujbezvymluv.cz\/en\/wp-json\/wp\/v2\/comments?post=129"}],"version-history":[{"count":101,"href":"https:\/\/trenujbezvymluv.cz\/en\/wp-json\/wp\/v2\/pages\/129\/revisions"}],"predecessor-version":[{"id":1280,"href":"https:\/\/trenujbezvymluv.cz\/en\/wp-json\/wp\/v2\/pages\/129\/revisions\/1280"}],"wp:attachment":[{"href":"https:\/\/trenujbezvymluv.cz\/en\/wp-json\/wp\/v2\/media?parent=129"}],"curies":[{"name":"wp","href":"https:\/\/api.w.org\/{rel}","templated":true}]}}