{"id":305,"date":"2020-12-19T17:40:04","date_gmt":"2020-12-19T16:40:04","guid":{"rendered":"http:\/\/trenujbezvymluv.cz\/?page_id=305"},"modified":"2026-01-19T11:14:43","modified_gmt":"2026-01-19T10:14:43","slug":"kontakt","status":"publish","type":"page","link":"https:\/\/trenujbezvymluv.cz\/en\/kontakt\/","title":{"rendered":"Contact"},"content":{"rendered":"<div data-elementor-type=\"wp-page\" data-elementor-id=\"305\" class=\"elementor elementor-305\">\n\t\t\t\t\t\t<section class=\"elementor-section elementor-top-section elementor-element elementor-element-fb0f9a5 elementor-section-stretched elementor-section-boxed elementor-section-height-default elementor-section-height-default\" data-id=\"fb0f9a5\" data-element_type=\"section\" data-settings=\"{&quot;stretch_section&quot;:&quot;section-stretched&quot;,&quot;background_background&quot;:&quot;classic&quot;,&quot;shape_divider_bottom&quot;:&quot;opacity-fan&quot;}\">\n\t\t\t\t\t\t\t<div class=\"elementor-background-overlay\"><\/div>\n\t\t\t\t\t\t<div class=\"elementor-shape elementor-shape-bottom\" data-negative=\"false\">\n\t\t\t<svg xmlns=\"http:\/\/www.w3.org\/2000\/svg\" viewbox=\"0 0 283.5 19.6\" preserveaspectratio=\"none\">\n\t<path class=\"elementor-shape-fill\" style=\"opacity:0.33\" d=\"M0 0L0 18.8 141.8 4.1 283.5 18.8 283.5 0z\"\/>\n\t<path class=\"elementor-shape-fill\" style=\"opacity:0.33\" d=\"M0 0L0 12.6 141.8 4 283.5 12.6 283.5 0z\"\/>\n\t<path class=\"elementor-shape-fill\" style=\"opacity:0.33\" d=\"M0 0L0 6.4 141.8 4 283.5 6.4 283.5 0z\"\/>\n\t<path class=\"elementor-shape-fill\" d=\"M0 0L0 1.2 141.8 4 283.5 1.2 283.5 0z\"\/>\n<\/svg>\t\t<\/div>\n\t\t\t\t\t<div class=\"elementor-container elementor-column-gap-default\">\n\t\t\t\t\t<div class=\"elementor-column elementor-col-100 elementor-top-column elementor-element elementor-element-34a39ef\" data-id=\"34a39ef\" data-element_type=\"column\">\n\t\t\t<div class=\"elementor-widget-wrap elementor-element-populated\">\n\t\t\t\t\t\t<div class=\"elementor-element elementor-element-b450eaf elementor-widget elementor-widget-heading\" data-id=\"b450eaf\" data-element_type=\"widget\" data-widget_type=\"heading.default\">\n\t\t\t\t<div class=\"elementor-widget-container\">\n\t\t\t<h2 class=\"elementor-heading-title elementor-size-default\">Contact<\/h2>\t\t<\/div>\n\t\t\t\t<\/div>\n\t\t\t\t\t<\/div>\n\t\t<\/div>\n\t\t\t\t\t<\/div>\n\t\t<\/section>\n\t\t\t\t<section class=\"elementor-section elementor-top-section elementor-element elementor-element-2e81c75 elementor-section-stretched elementor-section-boxed elementor-section-height-default elementor-section-height-default\" data-id=\"2e81c75\" data-element_type=\"section\" data-settings=\"{&quot;stretch_section&quot;:&quot;section-stretched&quot;,&quot;background_background&quot;:&quot;classic&quot;}\">\n\t\t\t\t\t\t<div class=\"elementor-container elementor-column-gap-default\">\n\t\t\t\t\t<div class=\"elementor-column elementor-col-33 elementor-top-column elementor-element elementor-element-cab990a elementor-invisible\" data-id=\"cab990a\" data-element_type=\"column\" data-settings=\"{&quot;animation&quot;:&quot;slideInLeft&quot;}\">\n\t\t\t<div class=\"elementor-widget-wrap elementor-element-populated\">\n\t\t\t\t\t\t<div class=\"elementor-element elementor-element-ff4d73a elementor-widget elementor-widget-text-editor\" data-id=\"ff4d73a\" data-element_type=\"widget\" data-widget_type=\"text-editor.default\">\n\t\t\t\t<div class=\"elementor-widget-container\">\n\t\t\t\t\t\t\t<p>Don\u00b4t hesitate to contact me. I will be happy to answer all your questions.<br \/>I am usually available between 7am-8pm.<\/p><p><strong>FORM FACTORY FITNESS<br \/><\/strong>Vinohradsk\u00e1 190<br \/>130 00 Praha 3 \u2013 Vinohrady<\/p><p>Tram\/Bus\/metro &#8211; \u017delivsk\u00e9ho<br \/>By car - free parking in the fitness area for club visitors (2 h).<\/p><p><span style=\"color: #ffffff;\"><a style=\"color: #ffffff;\" href=\"http:\/\/www.formfactory.cz\/klub\/fitness-vinohradska\/\" target=\"_blank\" rel=\"noopener\">www.formfactory.cz\/klub\/fitness-vinohradska\/<\/a><\/span><\/p><p><strong>Mgr. Eli\u0161ka Sta\u0148kov\u00e1<br \/><\/strong>e-mail: <strong><a href=\"mailto:eliska@trenujbezvymluv.cz\"><span style=\"color: #ffffff;\">eliska@trenujbezvymluv.cz<\/span><\/a><\/strong><br \/>mobil: <a href=\"tel:+420 607 747 340\"><span style=\"color: #ffffff;\">+420 607 747 340<\/span><\/a><br \/>I\u010c: 76491781<br \/>Bank Account Number: 330103889\/0300<\/p><p><!-- notionvc: c3b7681d-4d5a-4518-97cc-8b5e8e70bf90 --><\/p><p><strong>You can also find me on <a href=\"https:\/\/www.facebook.com\/TrenujBezVymluv\"><span style=\"color: #ffffff;\">Facebook<\/span><\/a>.<\/strong><\/p>\t\t\t\t\t\t<\/div>\n\t\t\t\t<\/div>\n\t\t\t\t<div class=\"elementor-element elementor-element-eaf13e2 elementor-widget elementor-widget-a13fe-socials\" data-id=\"eaf13e2\" data-element_type=\"widget\" data-widget_type=\"a13fe-socials.default\">\n\t\t\t\t<div class=\"elementor-widget-container\">\n\t\t\t<div class=\"socials circles white semi-transparent_hover\"><a target=\"_blank\" title=\"E-mail\" href=\"\/en\/kontakt\/\" class=\"a13_soc-mailto fa fa-envelope-o\" rel=\"noopener\"><\/a><a target=\"_blank\" title=\"Facebook\" href=\"https:\/\/www.facebook.com\/TrenujBezVymluv\" class=\"a13_soc-facebook fa fa-facebook\" rel=\"noopener\"><\/a><a target=\"_blank\" title=\"Facebook Messenger\" href=\"https:\/\/www.facebook.com\/messages\/t\/390416034368561\" class=\"a13_soc-messenger fab fa-facebook-messenger\" rel=\"noopener\"><\/a><a target=\"_blank\" title=\"Whatsapp\" href=\"https:\/\/api.whatsapp.com\/send?phone=420607747340\" class=\"a13_soc-whatsapp fa fa-whatsapp\" rel=\"noopener\"><\/a><\/div>\t\t<\/div>\n\t\t\t\t<\/div>\n\t\t\t\t\t<\/div>\n\t\t<\/div>\n\t\t\t\t<div class=\"elementor-column elementor-col-33 elementor-top-column elementor-element elementor-element-e394e00\" data-id=\"e394e00\" data-element_type=\"column\">\n\t\t\t<div class=\"elementor-widget-wrap\">\n\t\t\t\t\t\t\t<\/div>\n\t\t<\/div>\n\t\t\t\t<div class=\"elementor-column elementor-col-33 elementor-top-column elementor-element elementor-element-c85b0dc elementor-invisible\" data-id=\"c85b0dc\" data-element_type=\"column\" data-settings=\"{&quot;animation&quot;:&quot;slideInRight&quot;}\">\n\t\t\t<div class=\"elementor-widget-wrap elementor-element-populated\">\n\t\t\t\t\t\t<div class=\"elementor-element elementor-element-8b90775 elementor-widget elementor-widget-google_maps\" data-id=\"8b90775\" data-element_type=\"widget\" data-widget_type=\"google_maps.default\">\n\t\t\t\t<div class=\"elementor-widget-container\">\n\t\t\t\t\t<div class=\"elementor-custom-embed\">\n\t\t\t<iframe loading=\"lazy\"\n\t\t\t\t\tsrc=\"https:\/\/maps.google.com\/maps?q=form%20factory%20vinohradsk%C3%A1%20&#038;t=m&#038;z=12&#038;output=embed&#038;iwloc=near\"\n\t\t\t\t\ttitle=\"form factory vinohradsk\u00e1 \"\n\t\t\t\t\taria-label=\"form factory vinohradsk\u00e1 \"\n\t\t\t><\/iframe>\n\t\t<\/div>\n\t\t\t\t<\/div>\n\t\t\t\t<\/div>\n\t\t\t\t<div class=\"elementor-element elementor-element-3a385e1 elementor-widget elementor-widget-wpforms\" data-id=\"3a385e1\" data-element_type=\"widget\" data-widget_type=\"wpforms.default\">\n\t\t\t\t<div class=\"elementor-widget-container\">\n\t\t\t<div class=\"wpforms-container\" id=\"wpforms-499\"><form id=\"wpforms-form-499\" class=\"wpforms-validate wpforms-form\" data-formid=\"499\" method=\"post\" enctype=\"multipart\/form-data\" action=\"\/en\/wp-json\/wp\/v2\/pages\/305\" data-token=\"07b7a363aab72d27b97d355fe53ab011\" data-token-time=\"1775419013\" data-trp-original-action=\"\/en\/wp-json\/wp\/v2\/pages\/305\"><noscript class=\"wpforms-error-noscript\">Please enable JavaScript in your browser to complete this form.<\/noscript><div class=\"wpforms-field-container\"><div id=\"wpforms-499-field_0-container\" class=\"wpforms-field wpforms-field-name\" data-field-id=\"0\"><label class=\"wpforms-field-label wpforms-label-hide\" for=\"wpforms-499-field_0\">First Name <span class=\"wpforms-required-label\">*<\/span><\/label><div class=\"wpforms-field-row wpforms-field-medium\"><div class=\"wpforms-field-row-block wpforms-first wpforms-one-half\"><input type=\"text\" id=\"wpforms-499-field_0\" class=\"wpforms-field-name-first wpforms-field-required\" name=\"wpforms[fields][0][first]\" placeholder=\"First Name\" required><label for=\"wpforms-499-field_0\" class=\"wpforms-field-sublabel after wpforms-sublabel-hide\">First<\/label><\/div><div class=\"wpforms-field-row-block wpforms-one-half\"><input type=\"text\" id=\"wpforms-499-field_0-last\" class=\"wpforms-field-name-last wpforms-field-required\" name=\"wpforms[fields][0][last]\" placeholder=\"Last Name\" required><label for=\"wpforms-499-field_0-last\" class=\"wpforms-field-sublabel after wpforms-sublabel-hide\">Last<\/label><\/div><\/div><\/div><div id=\"wpforms-499-field_1-container\" class=\"wpforms-field wpforms-field-email\" data-field-id=\"1\"><label class=\"wpforms-field-label wpforms-label-hide\" for=\"wpforms-499-field_1\">E-mail <span class=\"wpforms-required-label\">*<\/span><\/label><input type=\"email\" id=\"wpforms-499-field_1\" class=\"wpforms-field-medium wpforms-field-required\" name=\"wpforms[fields][1]\" placeholder=\"E-mail\" spellcheck=\"false\" required><\/div><div id=\"wpforms-499-field_3-container\" class=\"wpforms-field wpforms-field-select wpforms-field-select-style-classic\" data-field-id=\"3\"><label class=\"wpforms-field-label wpforms-label-hide\" for=\"wpforms-499-field_3\">I am interested in<\/label><select id=\"wpforms-499-field_3\" class=\"wpforms-field-medium\" name=\"wpforms[fields][3]\"><option value=\"\" class=\"placeholder\" disabled selected='selected'>I am interested in<\/option><option value=\"\u00davodn\u00ed konzultace\" >Initial consultation<\/option><option value=\"Osobn\u00ed tr\u00e9nink\" >Personal training<\/option><option value=\"V\u00fd\u017eivov\u00e9 poradenstv\u00ed\" >Nutritional counseling<\/option><option value=\"Ostatn\u00ed\" >Other<\/option><\/select><\/div><div id=\"wpforms-499-field_2-container\" class=\"wpforms-field wpforms-field-textarea\" data-field-id=\"2\"><label class=\"wpforms-field-label wpforms-label-hide\" for=\"wpforms-499-field_2\">Koment\u00e1\u0159 nebo zpr\u00e1va <span class=\"wpforms-required-label\">*<\/span><\/label><textarea id=\"wpforms-499-field_2\" class=\"wpforms-field-medium wpforms-field-required\" name=\"wpforms[fields][2]\" placeholder=\"Your message\" required><\/textarea><\/div><\/div><!-- .wpforms-field-container --><div class=\"wpforms-submit-container\" ><input type=\"hidden\" name=\"wpforms[id]\" value=\"499\"><input type=\"hidden\" name=\"page_title\" value=\"\"><input type=\"hidden\" name=\"page_url\" value=\"https:\/\/trenujbezvymluv.cz\/en\/wp-json\/wp\/v2\/pages\/305\"><input type=\"hidden\" name=\"url_referer\" value=\"\"><button type=\"submit\" name=\"wpforms[submit]\" id=\"wpforms-submit-499\" class=\"wpforms-submit\" data-alt-text=\"Odes\u00edl\u00e1ni...\" data-submit-text=\"Odeslat\" aria-live=\"assertive\" value=\"wpforms-submit\">Send<\/button><\/div><input type=\"hidden\" name=\"trp-form-language\" value=\"en\"\/><\/form><\/div>  <!-- .wpforms-container -->\t\t<\/div>\n\t\t\t\t<\/div>\n\t\t\t\t\t<\/div>\n\t\t<\/div>\n\t\t\t\t\t<\/div>\n\t\t<\/section>\n\t\t\t\t<\/div>","protected":false},"excerpt":{"rendered":"<p>Kontakt Nebojte se mi napsat, r\u00e1da odpov\u00edm.Jsem V\u00e1m k dispozici obvykle mezi 7-20. hodinou. P\u016fsob\u00edm ve fitness Form Factory na Praze 3.Vinohradsk\u00e1 190130 00 Praha 3 Tram\/Bus\/metro &#8211; \u017delivsk\u00e9hoAutem \u2013 parkov\u00e1n\u00ed v are\u00e1lu fitness pro n\u00e1v\u0161t\u011bvn\u00edky klubu zdarma (2 h). www.formfactory.cz\/klub\/fitness-vinohradska\/ Mgr. Eli\u0161ka Sta\u0148kov\u00e1e-mail: eliska@trenujbezvymluv.czmobil: +420 607 747 340I\u010c: 76491781\u010c\u00edslo \u00fa\u010dtu: 330103889\/0300 Najdete m\u011b tak\u00e9 na Facebooku. Chcete-li vyplnit tento formul\u00e1\u0159, pros\u00edm povolte v prohl\u00ed\u017ee\u010di JavaScript.Jm\u00e9no *K\u0159estn\u00ed jm\u00e9noP\u0159\u00edjmen\u00edE-mail *M\u00e1m z\u00e1jem oM\u00e1m z\u00e1jem o\u00davodn\u00ed konzultaceOsobn\u00ed tr\u00e9ninkV\u00fd\u017eivov\u00e9 poradenstv\u00edOstatn\u00edKoment\u00e1\u0159 nebo zpr\u00e1va * Odeslat<\/p>","protected":false},"author":2,"featured_media":0,"parent":0,"menu_order":0,"comment_status":"closed","ping_status":"closed","template":"","meta":{"footnotes":""},"class_list":["post-305","page","type-page","status-publish"],"yoast_head":"<!-- This site is optimized with the Yoast SEO plugin v23.7 - https:\/\/yoast.com\/wordpress\/plugins\/seo\/ -->\n<title>Kontakt - trenujbezvymluv.cz<\/title>\n<meta name=\"robots\" content=\"index, follow, max-snippet:-1, max-image-preview:large, max-video-preview:-1\" \/>\n<link rel=\"canonical\" href=\"https:\/\/trenujbezvymluv.cz\/en\/kontakt\/\" \/>\n<meta property=\"og:locale\" content=\"en_US\" \/>\n<meta property=\"og:type\" content=\"article\" \/>\n<meta property=\"og:title\" content=\"Kontakt - trenujbezvymluv.cz\" \/>\n<meta property=\"og:description\" content=\"Kontakt Nebojte se mi napsat, r\u00e1da odpov\u00edm.Jsem V\u00e1m k dispozici obvykle mezi 7-20. hodinou. P\u016fsob\u00edm ve fitness Form Factory na Praze 3.Vinohradsk\u00e1 190130 00 Praha 3 Tram\/Bus\/metro &#8211; \u017delivsk\u00e9hoAutem \u2013 parkov\u00e1n\u00ed v are\u00e1lu fitness pro n\u00e1v\u0161t\u011bvn\u00edky klubu zdarma (2 h). www.formfactory.cz\/klub\/fitness-vinohradska\/ Mgr. Eli\u0161ka Sta\u0148kov\u00e1e-mail: eliska@trenujbezvymluv.czmobil: +420 607 747 340I\u010c: 76491781\u010c\u00edslo \u00fa\u010dtu: 330103889\/0300 Najdete m\u011b tak\u00e9 na Facebooku. Chcete-li vyplnit tento formul\u00e1\u0159, pros\u00edm povolte v prohl\u00ed\u017ee\u010di JavaScript.Jm\u00e9no *K\u0159estn\u00ed jm\u00e9noP\u0159\u00edjmen\u00edE-mail *M\u00e1m z\u00e1jem oM\u00e1m z\u00e1jem o\u00davodn\u00ed konzultaceOsobn\u00ed tr\u00e9ninkV\u00fd\u017eivov\u00e9 poradenstv\u00edOstatn\u00edKoment\u00e1\u0159 nebo zpr\u00e1va * Odeslat\" \/>\n<meta property=\"og:url\" content=\"https:\/\/trenujbezvymluv.cz\/en\/kontakt\/\" \/>\n<meta property=\"og:site_name\" content=\"trenujbezvymluv.cz\" \/>\n<meta property=\"article:modified_time\" content=\"2026-01-19T10:14:43+00:00\" \/>\n<meta name=\"twitter:card\" content=\"summary_large_image\" \/>\n<meta name=\"twitter:label1\" content=\"Est. reading time\" \/>\n\t<meta name=\"twitter:data1\" content=\"1 minute\" \/>\n<script type=\"application\/ld+json\" class=\"yoast-schema-graph\">{\"@context\":\"https:\/\/schema.org\",\"@graph\":[{\"@type\":\"WebPage\",\"@id\":\"https:\/\/trenujbezvymluv.cz\/kontakt\/\",\"url\":\"https:\/\/trenujbezvymluv.cz\/kontakt\/\",\"name\":\"Kontakt - trenujbezvymluv.cz\",\"isPartOf\":{\"@id\":\"https:\/\/trenujbezvymluv.cz\/#website\"},\"datePublished\":\"2020-12-19T16:40:04+00:00\",\"dateModified\":\"2026-01-19T10:14:43+00:00\",\"breadcrumb\":{\"@id\":\"https:\/\/trenujbezvymluv.cz\/kontakt\/#breadcrumb\"},\"inLanguage\":\"en-US\",\"potentialAction\":[{\"@type\":\"ReadAction\",\"target\":[\"https:\/\/trenujbezvymluv.cz\/kontakt\/\"]}]},{\"@type\":\"BreadcrumbList\",\"@id\":\"https:\/\/trenujbezvymluv.cz\/kontakt\/#breadcrumb\",\"itemListElement\":[{\"@type\":\"ListItem\",\"position\":1,\"name\":\"Dom\u016f\",\"item\":\"https:\/\/trenujbezvymluv.cz\/\"},{\"@type\":\"ListItem\",\"position\":2,\"name\":\"Kontakt\"}]},{\"@type\":\"WebSite\",\"@id\":\"https:\/\/trenujbezvymluv.cz\/#website\",\"url\":\"https:\/\/trenujbezvymluv.cz\/\",\"name\":\"trenujbezvymluv.cz\",\"description\":\"Osobn\u00ed tren\u00e9r\",\"potentialAction\":[{\"@type\":\"SearchAction\",\"target\":{\"@type\":\"EntryPoint\",\"urlTemplate\":\"https:\/\/trenujbezvymluv.cz\/?s={search_term_string}\"},\"query-input\":{\"@type\":\"PropertyValueSpecification\",\"valueRequired\":true,\"valueName\":\"search_term_string\"}}],\"inLanguage\":\"en-US\"}]}<\/script>\n<!-- \/ Yoast SEO plugin. -->","yoast_head_json":{"title":"Kontakt - trenujbezvymluv.cz","robots":{"index":"index","follow":"follow","max-snippet":"max-snippet:-1","max-image-preview":"max-image-preview:large","max-video-preview":"max-video-preview:-1"},"canonical":"https:\/\/trenujbezvymluv.cz\/en\/kontakt\/","og_locale":"en_US","og_type":"article","og_title":"Kontakt - trenujbezvymluv.cz","og_description":"Kontakt Nebojte se mi napsat, r\u00e1da odpov\u00edm.Jsem V\u00e1m k dispozici obvykle mezi 7-20. hodinou. P\u016fsob\u00edm ve fitness Form Factory na Praze 3.Vinohradsk\u00e1 190130 00 Praha 3 Tram\/Bus\/metro &#8211; \u017delivsk\u00e9hoAutem \u2013 parkov\u00e1n\u00ed v are\u00e1lu fitness pro n\u00e1v\u0161t\u011bvn\u00edky klubu zdarma (2 h). www.formfactory.cz\/klub\/fitness-vinohradska\/ Mgr. Eli\u0161ka Sta\u0148kov\u00e1e-mail: eliska@trenujbezvymluv.czmobil: +420 607 747 340I\u010c: 76491781\u010c\u00edslo \u00fa\u010dtu: 330103889\/0300 Najdete m\u011b tak\u00e9 na Facebooku. Chcete-li vyplnit tento formul\u00e1\u0159, pros\u00edm povolte v prohl\u00ed\u017ee\u010di JavaScript.Jm\u00e9no *K\u0159estn\u00ed jm\u00e9noP\u0159\u00edjmen\u00edE-mail *M\u00e1m z\u00e1jem oM\u00e1m z\u00e1jem o\u00davodn\u00ed konzultaceOsobn\u00ed tr\u00e9ninkV\u00fd\u017eivov\u00e9 poradenstv\u00edOstatn\u00edKoment\u00e1\u0159 nebo zpr\u00e1va * Odeslat","og_url":"https:\/\/trenujbezvymluv.cz\/en\/kontakt\/","og_site_name":"trenujbezvymluv.cz","article_modified_time":"2026-01-19T10:14:43+00:00","twitter_card":"summary_large_image","twitter_misc":{"Est. reading time":"1 minute"},"schema":{"@context":"https:\/\/schema.org","@graph":[{"@type":"WebPage","@id":"https:\/\/trenujbezvymluv.cz\/kontakt\/","url":"https:\/\/trenujbezvymluv.cz\/kontakt\/","name":"Kontakt - trenujbezvymluv.cz","isPartOf":{"@id":"https:\/\/trenujbezvymluv.cz\/#website"},"datePublished":"2020-12-19T16:40:04+00:00","dateModified":"2026-01-19T10:14:43+00:00","breadcrumb":{"@id":"https:\/\/trenujbezvymluv.cz\/kontakt\/#breadcrumb"},"inLanguage":"en-US","potentialAction":[{"@type":"ReadAction","target":["https:\/\/trenujbezvymluv.cz\/kontakt\/"]}]},{"@type":"BreadcrumbList","@id":"https:\/\/trenujbezvymluv.cz\/kontakt\/#breadcrumb","itemListElement":[{"@type":"ListItem","position":1,"name":"Dom\u016f","item":"https:\/\/trenujbezvymluv.cz\/"},{"@type":"ListItem","position":2,"name":"Kontakt"}]},{"@type":"WebSite","@id":"https:\/\/trenujbezvymluv.cz\/#website","url":"https:\/\/trenujbezvymluv.cz\/","name":"trenujbezvymluv.cz","description":"Osobn\u00ed tren\u00e9r","potentialAction":[{"@type":"SearchAction","target":{"@type":"EntryPoint","urlTemplate":"https:\/\/trenujbezvymluv.cz\/?s={search_term_string}"},"query-input":{"@type":"PropertyValueSpecification","valueRequired":true,"valueName":"search_term_string"}}],"inLanguage":"en-US"}]}},"_links":{"self":[{"href":"https:\/\/trenujbezvymluv.cz\/en\/wp-json\/wp\/v2\/pages\/305"}],"collection":[{"href":"https:\/\/trenujbezvymluv.cz\/en\/wp-json\/wp\/v2\/pages"}],"about":[{"href":"https:\/\/trenujbezvymluv.cz\/en\/wp-json\/wp\/v2\/types\/page"}],"author":[{"embeddable":true,"href":"https:\/\/trenujbezvymluv.cz\/en\/wp-json\/wp\/v2\/users\/2"}],"replies":[{"embeddable":true,"href":"https:\/\/trenujbezvymluv.cz\/en\/wp-json\/wp\/v2\/comments?post=305"}],"version-history":[{"count":65,"href":"https:\/\/trenujbezvymluv.cz\/en\/wp-json\/wp\/v2\/pages\/305\/revisions"}],"predecessor-version":[{"id":1339,"href":"https:\/\/trenujbezvymluv.cz\/en\/wp-json\/wp\/v2\/pages\/305\/revisions\/1339"}],"wp:attachment":[{"href":"https:\/\/trenujbezvymluv.cz\/en\/wp-json\/wp\/v2\/media?parent=305"}],"curies":[{"name":"wp","href":"https:\/\/api.w.org\/{rel}","templated":true}]}}